{"id":1153,"date":"2019-01-25T12:12:14","date_gmt":"2019-01-25T11:12:14","guid":{"rendered":"https:\/\/rawafm.pl\/katalogi-do-pobrania\/"},"modified":"2024-03-28T15:14:35","modified_gmt":"2024-03-28T14:14:35","slug":"catalogues-a-telecharger","status":"publish","type":"page","link":"https:\/\/rawafm.pl\/fr\/catalogues-a-telecharger\/","title":{"rendered":"CATALOGUES \u00c0 T\u00c9L\u00c9CHARGER"},"content":{"rendered":"","protected":false},"excerpt":{"rendered":"","protected":false},"author":1,"featured_media":0,"parent":0,"menu_order":0,"comment_status":"closed","ping_status":"closed","template":"templates\/template-ba_download_catalogs.php","meta":[],"yoast_head":"<!-- This site is optimized with the Yoast SEO plugin v15.3 - https:\/\/yoast.com\/wordpress\/plugins\/seo\/ -->\n<title>CATALOGUES \u00c0 T\u00c9L\u00c9CHARGER - Fabryka Mebli Rawa<\/title>\n<meta name=\"robots\" content=\"index, follow, max-snippet:-1, max-image-preview:large, max-video-preview:-1\" \/>\n<link rel=\"canonical\" href=\"https:\/\/rawafm.pl\/fr\/catalogues-a-telecharger\/\" \/>\n<meta property=\"og:locale\" content=\"fr_FR\" \/>\n<meta property=\"og:type\" content=\"article\" \/>\n<meta property=\"og:title\" content=\"CATALOGUES \u00c0 T\u00c9L\u00c9CHARGER - Fabryka Mebli Rawa\" \/>\n<meta property=\"og:url\" content=\"https:\/\/rawafm.pl\/fr\/catalogues-a-telecharger\/\" \/>\n<meta property=\"og:site_name\" content=\"Fabryka Mebli Rawa\" \/>\n<meta property=\"article:modified_time\" content=\"2024-03-28T14:14:35+00:00\" \/>\n<meta name=\"twitter:card\" content=\"summary_large_image\" \/>\n<meta name=\"twitter:label1\" content=\"\u00c9crit par\">\n\t<meta name=\"twitter:data1\" content=\"rawafm_admin\">\n<script type=\"application\/ld+json\" class=\"yoast-schema-graph\">{\"@context\":\"https:\/\/schema.org\",\"@graph\":[{\"@type\":\"WebSite\",\"@id\":\"https:\/\/rawafm.pl\/#website\",\"url\":\"https:\/\/rawafm.pl\/\",\"name\":\"Fabryka Mebli Rawa\",\"description\":\"Witryna Fabryki Mebli Rawa\",\"potentialAction\":[{\"@type\":\"SearchAction\",\"target\":\"https:\/\/rawafm.pl\/?s={search_term_string}\",\"query-input\":\"required name=search_term_string\"}],\"inLanguage\":\"fr-FR\"},{\"@type\":\"WebPage\",\"@id\":\"https:\/\/rawafm.pl\/fr\/catalogues-a-telecharger\/#webpage\",\"url\":\"https:\/\/rawafm.pl\/fr\/catalogues-a-telecharger\/\",\"name\":\"CATALOGUES \\u00c0 T\\u00c9L\\u00c9CHARGER - Fabryka Mebli Rawa\",\"isPartOf\":{\"@id\":\"https:\/\/rawafm.pl\/#website\"},\"datePublished\":\"2019-01-25T11:12:14+00:00\",\"dateModified\":\"2024-03-28T14:14:35+00:00\",\"inLanguage\":\"fr-FR\",\"potentialAction\":[{\"@type\":\"ReadAction\",\"target\":[\"https:\/\/rawafm.pl\/fr\/catalogues-a-telecharger\/\"]}]}]}<\/script>\n<!-- \/ Yoast SEO plugin. -->","_links":{"self":[{"href":"https:\/\/rawafm.pl\/fr\/wp-json\/wp\/v2\/pages\/1153"}],"collection":[{"href":"https:\/\/rawafm.pl\/fr\/wp-json\/wp\/v2\/pages"}],"about":[{"href":"https:\/\/rawafm.pl\/fr\/wp-json\/wp\/v2\/types\/page"}],"author":[{"embeddable":true,"href":"https:\/\/rawafm.pl\/fr\/wp-json\/wp\/v2\/users\/1"}],"replies":[{"embeddable":true,"href":"https:\/\/rawafm.pl\/fr\/wp-json\/wp\/v2\/comments?post=1153"}],"version-history":[{"count":9,"href":"https:\/\/rawafm.pl\/fr\/wp-json\/wp\/v2\/pages\/1153\/revisions"}],"predecessor-version":[{"id":2959,"href":"https:\/\/rawafm.pl\/fr\/wp-json\/wp\/v2\/pages\/1153\/revisions\/2959"}],"wp:attachment":[{"href":"https:\/\/rawafm.pl\/fr\/wp-json\/wp\/v2\/media?parent=1153"}],"curies":[{"name":"wp","href":"https:\/\/api.w.org\/{rel}","templated":true}]}}